{"id":1329,"date":"2023-09-17T21:36:29","date_gmt":"2023-09-17T20:36:29","guid":{"rendered":"https:\/\/patisseriealmakam.com\/?post_type=product&#038;p=1329"},"modified":"2024-09-30T22:14:11","modified_gmt":"2024-09-30T21:14:11","slug":"brioche-normal","status":"publish","type":"product","link":"https:\/\/patisseriealmakam.com\/index.php\/produit\/brioche-normal\/","title":{"rendered":"Brioche \u0642\u0631\u0627\u0634\u0644"},"content":{"rendered":"<p><em>Les qrachel sont des brioches<\/em><\/p>\n<p><em>marocaines qui sont parfum\u00e9es<\/em><\/p>\n<p><em>\u00e0 l&rsquo;anis, \u00e0 l&rsquo;eau de fleur d&rsquo;oranger<\/em><\/p>\n<p><em>et \u00e0 la gomme arabique.<\/em><\/p>\n<ul>\n<li><em>.<strong>\u0642\u0631\u0627\u0634\u0644<\/strong> \u066a <strong>\u0671\u0644\u0645\u0643\u0648\u0646\u0627\u062a<\/strong> \u00ab\u00a0<\/em><\/li>\n<li><em>\u0627\u0644\u062f\u0642\u064a\u0642\u060c \u0627\u0644\u0645\u0627\u0621\u060c \u062e\u0645\u064a\u0631\u0629<\/em><\/li>\n<li><em>\u060c \u0627\u0644\u0646\u0641\u0639 \u0628\u0644\u062f\u064a,\u0633\u0643\u0631\u0633\u0646\u064a\u062f\u0629<\/em><\/li>\n<li><em>\u060c \u0645\u0633\u0643\u0629 \u062d\u0631\u0629\u060c \u062c\u0646\u062c\u0644\u0627\u0646\u060c \u0627\u0644\u0628\u064a\u0636\u064b<\/em><\/li>\n<\/ul>\n","protected":false},"excerpt":{"rendered":"<p>Les qrachel sont des brioches marocaines qui sont parfum\u00e9es \u00e0 l&rsquo;anis, \u00e0 l&rsquo;eau de fleur d&rsquo;oranger et \u00e0 la gomme arabique. .\u0642\u0631\u0627\u0634\u0644 \u066a \u0671\u0644\u0645\u0643\u0648\u0646\u0627\u062a \u00ab\u00a0 \u0627\u0644\u062f\u0642\u064a\u0642\u060c \u0627\u0644\u0645\u0627\u0621\u060c \u062e\u0645\u064a\u0631\u0629 \u060c \u0627\u0644\u0646\u0641\u0639 \u0628\u0644\u062f\u064a,\u0633\u0643\u0631\u0633\u0646\u064a\u062f\u0629 \u060c \u0645\u0633\u0643\u0629 \u062d\u0631\u0629\u060c \u062c\u0646\u062c\u0644\u0627\u0646\u060c \u0627\u0644\u0628\u064a\u0636\u064b<\/p>\n","protected":false},"featured_media":1330,"template":"","meta":{"_uf_show_specific_survey":0,"_uf_disable_surveys":false,"_kad_post_transparent":"default","_kad_post_title":"","_kad_post_layout":"default","_kad_post_sidebar_id":"","_kad_post_content_style":"default","_kad_post_vertical_padding":"default","_kad_post_feature":"","_kad_post_feature_position":"","_kad_post_header":false,"_kad_post_footer":false,"_kad_post_classname":""},"product_brand":[],"product_cat":[16],"product_tag":[],"class_list":{"0":"post-1329","1":"product","2":"type-product","3":"status-publish","4":"has-post-thumbnail","6":"product_cat-viennoiserie","8":"first","9":"instock","10":"featured","11":"taxable","12":"shipping-taxable","13":"purchasable","14":"product-type-variable","15":"entry","16":"content-bg","17":"loop-entry"},"aioseo_notices":[],"_links":{"self":[{"href":"https:\/\/patisseriealmakam.com\/index.php\/wp-json\/wp\/v2\/product\/1329","targetHints":{"allow":["GET"]}}],"collection":[{"href":"https:\/\/patisseriealmakam.com\/index.php\/wp-json\/wp\/v2\/product"}],"about":[{"href":"https:\/\/patisseriealmakam.com\/index.php\/wp-json\/wp\/v2\/types\/product"}],"wp:featuredmedia":[{"embeddable":true,"href":"https:\/\/patisseriealmakam.com\/index.php\/wp-json\/wp\/v2\/media\/1330"}],"wp:attachment":[{"href":"https:\/\/patisseriealmakam.com\/index.php\/wp-json\/wp\/v2\/media?parent=1329"}],"wp:term":[{"taxonomy":"product_brand","embeddable":true,"href":"https:\/\/patisseriealmakam.com\/index.php\/wp-json\/wp\/v2\/product_brand?post=1329"},{"taxonomy":"product_cat","embeddable":true,"href":"https:\/\/patisseriealmakam.com\/index.php\/wp-json\/wp\/v2\/product_cat?post=1329"},{"taxonomy":"product_tag","embeddable":true,"href":"https:\/\/patisseriealmakam.com\/index.php\/wp-json\/wp\/v2\/product_tag?post=1329"}],"curies":[{"name":"wp","href":"https:\/\/api.w.org\/{rel}","templated":true}]}}