{"id":1424,"date":"2023-10-13T09:05:59","date_gmt":"2023-10-13T08:05:59","guid":{"rendered":"https:\/\/patisseriealmakam.com\/?post_type=product&#038;p=1424"},"modified":"2025-01-16T13:45:43","modified_gmt":"2025-01-16T12:45:43","slug":"macaron","status":"publish","type":"product","link":"https:\/\/patisseriealmakam.com\/index.php\/produit\/macaron\/","title":{"rendered":"Macarons couleurs"},"content":{"rendered":"<p><em>Petit g\u00e2teau rond, moelleux, parfum\u00e9, \u00e0 la surface<\/em><\/p>\n<p><em> l\u00e9g\u00e8rement craquel\u00e9e, compos\u00e9 de p\u00e2te d&rsquo;amande et de blanc d&rsquo;oeuf.<\/em><\/p>\n","protected":false},"excerpt":{"rendered":"<p>Petit g\u00e2teau rond, moelleux, parfum\u00e9, \u00e0 la surface l\u00e9g\u00e8rement craquel\u00e9e, compos\u00e9 de p\u00e2te d&rsquo;amande et de blanc d&rsquo;oeuf.<\/p>\n","protected":false},"featured_media":1428,"template":"","meta":{"_uf_show_specific_survey":0,"_uf_disable_surveys":false,"_kad_post_transparent":"default","_kad_post_title":"","_kad_post_layout":"default","_kad_post_sidebar_id":"","_kad_post_content_style":"default","_kad_post_vertical_padding":"default","_kad_post_feature":"","_kad_post_feature_position":"","_kad_post_header":false,"_kad_post_footer":false,"_kad_post_classname":""},"product_brand":[],"product_cat":[17],"product_tag":[],"class_list":{"0":"post-1424","1":"product","2":"type-product","3":"status-publish","4":"has-post-thumbnail","6":"product_cat-gateaux-marocains","8":"first","9":"instock","10":"taxable","11":"shipping-taxable","12":"purchasable","13":"product-type-variable","14":"entry","15":"content-bg","16":"loop-entry"},"aioseo_notices":[],"_links":{"self":[{"href":"https:\/\/patisseriealmakam.com\/index.php\/wp-json\/wp\/v2\/product\/1424","targetHints":{"allow":["GET"]}}],"collection":[{"href":"https:\/\/patisseriealmakam.com\/index.php\/wp-json\/wp\/v2\/product"}],"about":[{"href":"https:\/\/patisseriealmakam.com\/index.php\/wp-json\/wp\/v2\/types\/product"}],"wp:featuredmedia":[{"embeddable":true,"href":"https:\/\/patisseriealmakam.com\/index.php\/wp-json\/wp\/v2\/media\/1428"}],"wp:attachment":[{"href":"https:\/\/patisseriealmakam.com\/index.php\/wp-json\/wp\/v2\/media?parent=1424"}],"wp:term":[{"taxonomy":"product_brand","embeddable":true,"href":"https:\/\/patisseriealmakam.com\/index.php\/wp-json\/wp\/v2\/product_brand?post=1424"},{"taxonomy":"product_cat","embeddable":true,"href":"https:\/\/patisseriealmakam.com\/index.php\/wp-json\/wp\/v2\/product_cat?post=1424"},{"taxonomy":"product_tag","embeddable":true,"href":"https:\/\/patisseriealmakam.com\/index.php\/wp-json\/wp\/v2\/product_tag?post=1424"}],"curies":[{"name":"wp","href":"https:\/\/api.w.org\/{rel}","templated":true}]}}