{"id":1436,"date":"2023-10-13T12:16:26","date_gmt":"2023-10-13T11:16:26","guid":{"rendered":"https:\/\/patisseriealmakam.com\/?post_type=product&#038;p=1436"},"modified":"2025-04-14T14:01:38","modified_gmt":"2025-04-14T13:01:38","slug":"croissant","status":"publish","type":"product","link":"https:\/\/patisseriealmakam.com\/index.php\/produit\/croissant\/","title":{"rendered":"Croissant"},"content":{"rendered":"<p style=\"text-align: center;\"><em>La p\u00e2te \u00e0 croissant est une p\u00e2te lev\u00e9e\u00a0<\/em><em> feuillet\u00e9e comme celle des pains au\u00a0<\/em><em> chocolat, \u00e0 la diff\u00e9rence que le p\u00e2ton\u00a0<\/em><em> dans le quel on plie le beurre contient\u00a0<\/em><em>de la levure de boulanger qui fera gonfler <\/em><em style=\"font-family: var(--global-body-font-family);\">la p\u00e2te avant et pendant la cuisson.<\/em><\/p>\n","protected":false},"excerpt":{"rendered":"<p>La p\u00e2te \u00e0 croissant est une p\u00e2te lev\u00e9e\u00a0 feuillet\u00e9e comme celle des pains au\u00a0 chocolat, \u00e0 la diff\u00e9rence que le p\u00e2ton\u00a0 dans le quel on plie le beurre contient\u00a0de la levure de boulanger qui fera gonfler la p\u00e2te avant et pendant la cuisson.<\/p>\n","protected":false},"featured_media":1437,"template":"","meta":{"_uf_show_specific_survey":0,"_uf_disable_surveys":false,"_kad_post_transparent":"default","_kad_post_title":"","_kad_post_layout":"default","_kad_post_sidebar_id":"","_kad_post_content_style":"default","_kad_post_vertical_padding":"default","_kad_post_feature":"","_kad_post_feature_position":"","_kad_post_header":false,"_kad_post_footer":false,"_kad_post_classname":""},"product_brand":[],"product_cat":[16],"product_tag":[],"class_list":{"0":"post-1436","1":"product","2":"type-product","3":"status-publish","4":"has-post-thumbnail","6":"product_cat-viennoiserie","8":"first","9":"instock","10":"taxable","11":"shipping-taxable","12":"purchasable","13":"product-type-variable","14":"entry","15":"content-bg","16":"loop-entry"},"aioseo_notices":[],"_links":{"self":[{"href":"https:\/\/patisseriealmakam.com\/index.php\/wp-json\/wp\/v2\/product\/1436","targetHints":{"allow":["GET"]}}],"collection":[{"href":"https:\/\/patisseriealmakam.com\/index.php\/wp-json\/wp\/v2\/product"}],"about":[{"href":"https:\/\/patisseriealmakam.com\/index.php\/wp-json\/wp\/v2\/types\/product"}],"wp:featuredmedia":[{"embeddable":true,"href":"https:\/\/patisseriealmakam.com\/index.php\/wp-json\/wp\/v2\/media\/1437"}],"wp:attachment":[{"href":"https:\/\/patisseriealmakam.com\/index.php\/wp-json\/wp\/v2\/media?parent=1436"}],"wp:term":[{"taxonomy":"product_brand","embeddable":true,"href":"https:\/\/patisseriealmakam.com\/index.php\/wp-json\/wp\/v2\/product_brand?post=1436"},{"taxonomy":"product_cat","embeddable":true,"href":"https:\/\/patisseriealmakam.com\/index.php\/wp-json\/wp\/v2\/product_cat?post=1436"},{"taxonomy":"product_tag","embeddable":true,"href":"https:\/\/patisseriealmakam.com\/index.php\/wp-json\/wp\/v2\/product_tag?post=1436"}],"curies":[{"name":"wp","href":"https:\/\/api.w.org\/{rel}","templated":true}]}}