{"id":1512,"date":"2023-10-24T17:12:35","date_gmt":"2023-10-24T16:12:35","guid":{"rendered":"https:\/\/patisseriealmakam.com\/?post_type=product&#038;p=1512"},"modified":"2025-01-19T00:51:18","modified_gmt":"2025-01-18T23:51:18","slug":"carres-au-miel","status":"publish","type":"product","link":"https:\/\/patisseriealmakam.com\/index.php\/produit\/carres-au-miel\/","title":{"rendered":"Carr\u00e9s au miel"},"content":{"rendered":"<ul>\n<li><em><strong>Ingredients<\/strong><\/em>:<\/li>\n<li><em>P\u00e2te sabl\u00e9e<\/em><\/li>\n<li><em> cr\u00e8me fra\u00eeche enti\u00e8re<\/em><\/li>\n<li><em>miel, beurre<\/em><\/li>\n<li><em> sucre<\/em><\/li>\n<li><em> amandes \u00e9mond\u00e9es<\/em><\/li>\n<li><em> noix.<\/em><\/li>\n<\/ul>\n","protected":false},"excerpt":{"rendered":"<p><em>.<\/em><\/p>\n","protected":false},"featured_media":1516,"template":"","meta":{"_uf_show_specific_survey":0,"_uf_disable_surveys":false,"_kad_post_transparent":"default","_kad_post_title":"","_kad_post_layout":"default","_kad_post_sidebar_id":"","_kad_post_content_style":"default","_kad_post_vertical_padding":"default","_kad_post_feature":"","_kad_post_feature_position":"","_kad_post_header":false,"_kad_post_footer":false,"_kad_post_classname":""},"product_brand":[],"product_cat":[17],"product_tag":[],"class_list":{"0":"post-1512","1":"product","2":"type-product","3":"status-publish","4":"has-post-thumbnail","6":"product_cat-gateaux-marocains","8":"first","9":"instock","10":"featured","11":"taxable","12":"shipping-taxable","13":"purchasable","14":"product-type-variable","15":"entry","16":"content-bg","17":"loop-entry"},"aioseo_notices":[],"_links":{"self":[{"href":"https:\/\/patisseriealmakam.com\/index.php\/wp-json\/wp\/v2\/product\/1512","targetHints":{"allow":["GET"]}}],"collection":[{"href":"https:\/\/patisseriealmakam.com\/index.php\/wp-json\/wp\/v2\/product"}],"about":[{"href":"https:\/\/patisseriealmakam.com\/index.php\/wp-json\/wp\/v2\/types\/product"}],"wp:featuredmedia":[{"embeddable":true,"href":"https:\/\/patisseriealmakam.com\/index.php\/wp-json\/wp\/v2\/media\/1516"}],"wp:attachment":[{"href":"https:\/\/patisseriealmakam.com\/index.php\/wp-json\/wp\/v2\/media?parent=1512"}],"wp:term":[{"taxonomy":"product_brand","embeddable":true,"href":"https:\/\/patisseriealmakam.com\/index.php\/wp-json\/wp\/v2\/product_brand?post=1512"},{"taxonomy":"product_cat","embeddable":true,"href":"https:\/\/patisseriealmakam.com\/index.php\/wp-json\/wp\/v2\/product_cat?post=1512"},{"taxonomy":"product_tag","embeddable":true,"href":"https:\/\/patisseriealmakam.com\/index.php\/wp-json\/wp\/v2\/product_tag?post=1512"}],"curies":[{"name":"wp","href":"https:\/\/api.w.org\/{rel}","templated":true}]}}