{"id":1694,"date":"2023-11-04T15:25:25","date_gmt":"2023-11-04T14:25:25","guid":{"rendered":"https:\/\/patisseriealmakam.com\/?post_type=product&#038;p=1694"},"modified":"2025-01-12T14:13:23","modified_gmt":"2025-01-12T13:13:23","slug":"gateau-mousse-praline","status":"publish","type":"product","link":"https:\/\/patisseriealmakam.com\/index.php\/produit\/gateau-mousse-praline\/","title":{"rendered":"Mont-Blanc le kg"},"content":{"rendered":"<ul>\n<li><em><strong>Ing\u00e9dients<\/strong>:\u00a0<\/em><\/li>\n<li><em> g\u00e9noise<\/em><\/li>\n<li><em> brisures<span style=\"font-family: var(--global-body-font-family);\"> de biscuit dentelle<\/span><\/em><\/li>\n<li><em><span style=\"font-family: var(--global-body-font-family);\">sirop<\/span><\/em><\/li>\n<li><em><span style=\"font-family: var(--global-body-font-family);\"> blanc d&rsquo;oeuf<\/span><\/em><\/li>\n<li><em><span style=\"font-family: var(--global-body-font-family);\"> cr\u00e8me fra\u00eeche<\/span><\/em><\/li>\n<li><em><span style=\"font-family: var(--global-body-font-family);\"> glucose<\/span><\/em><\/li>\n<li><em><span style=\"font-family: var(--global-body-font-family);\"> g\u00e9latine.<\/span><\/em><\/li>\n<\/ul>\n","protected":false},"excerpt":{"rendered":"<p>Ing\u00e9dients:\u00a0 g\u00e9noise brisures de biscuit dentelle sirop blanc d&rsquo;oeuf cr\u00e8me fra\u00eeche glucose g\u00e9latine.<\/p>\n","protected":false},"featured_media":1699,"template":"","meta":{"_uf_show_specific_survey":0,"_uf_disable_surveys":false,"_kad_post_transparent":"default","_kad_post_title":"","_kad_post_layout":"default","_kad_post_sidebar_id":"","_kad_post_content_style":"default","_kad_post_vertical_padding":"default","_kad_post_feature":"","_kad_post_feature_position":"","_kad_post_header":false,"_kad_post_footer":false,"_kad_post_classname":""},"product_brand":[],"product_cat":[30],"product_tag":[],"class_list":{"0":"post-1694","1":"product","2":"type-product","3":"status-publish","4":"has-post-thumbnail","6":"product_cat-entremets","8":"first","9":"instock","10":"taxable","11":"shipping-taxable","12":"purchasable","13":"product-type-variable","14":"entry","15":"content-bg","16":"loop-entry"},"aioseo_notices":[],"_links":{"self":[{"href":"https:\/\/patisseriealmakam.com\/index.php\/wp-json\/wp\/v2\/product\/1694","targetHints":{"allow":["GET"]}}],"collection":[{"href":"https:\/\/patisseriealmakam.com\/index.php\/wp-json\/wp\/v2\/product"}],"about":[{"href":"https:\/\/patisseriealmakam.com\/index.php\/wp-json\/wp\/v2\/types\/product"}],"wp:featuredmedia":[{"embeddable":true,"href":"https:\/\/patisseriealmakam.com\/index.php\/wp-json\/wp\/v2\/media\/1699"}],"wp:attachment":[{"href":"https:\/\/patisseriealmakam.com\/index.php\/wp-json\/wp\/v2\/media?parent=1694"}],"wp:term":[{"taxonomy":"product_brand","embeddable":true,"href":"https:\/\/patisseriealmakam.com\/index.php\/wp-json\/wp\/v2\/product_brand?post=1694"},{"taxonomy":"product_cat","embeddable":true,"href":"https:\/\/patisseriealmakam.com\/index.php\/wp-json\/wp\/v2\/product_cat?post=1694"},{"taxonomy":"product_tag","embeddable":true,"href":"https:\/\/patisseriealmakam.com\/index.php\/wp-json\/wp\/v2\/product_tag?post=1694"}],"curies":[{"name":"wp","href":"https:\/\/api.w.org\/{rel}","templated":true}]}}