{"id":1750,"date":"2023-11-22T22:11:24","date_gmt":"2023-11-22T21:11:24","guid":{"rendered":"https:\/\/patisseriealmakam.com\/?post_type=product&#038;p=1750"},"modified":"2023-12-20T18:53:45","modified_gmt":"2023-12-20T17:53:45","slug":"gateau-cafe-croquant","status":"publish","type":"product","link":"https:\/\/patisseriealmakam.com\/index.php\/produit\/gateau-cafe-croquant\/","title":{"rendered":"G\u00e2teau caf\u00e9 croquant"},"content":{"rendered":"<ul>\n<li><em><strong>Ingr\u00e9dients<\/strong>:\u00a0<\/em><\/li>\n<li><em> g\u00e9noise noire, brisures de biscuit dentelle,<\/em><\/li>\n<li><em> chocolat blanc, pralin\u00e9, cr\u00e8me fra\u00eeche,<\/em><\/li>\n<li><em> jaune d&rsquo;oeuf, feuilles de g\u00e9latine, sirop,<\/em><\/li>\n<li><em>sucre semoule,<span style=\"font-family: var(--global-body-font-family);\">\u00a0arome caf\u00e9, ch<\/span><span style=\"font-family: var(--global-body-font-family);\">ocolat noire.<\/span><\/em><\/li>\n<\/ul>\n","protected":false},"excerpt":{"rendered":"<p>Ingr\u00e9dients:\u00a0 g\u00e9noise noire, brisures de biscuit dentelle, chocolat blanc, pralin\u00e9, cr\u00e8me fra\u00eeche, jaune d&rsquo;oeuf, feuilles de g\u00e9latine, sirop, sucre semoule,\u00a0arome caf\u00e9, chocolat noire.<\/p>\n","protected":false},"featured_media":1755,"template":"","meta":{"_uf_show_specific_survey":0,"_uf_disable_surveys":false,"_kad_post_transparent":"default","_kad_post_title":"","_kad_post_layout":"default","_kad_post_sidebar_id":"","_kad_post_content_style":"default","_kad_post_vertical_padding":"default","_kad_post_feature":"","_kad_post_feature_position":"","_kad_post_header":false,"_kad_post_footer":false,"_kad_post_classname":""},"product_brand":[],"product_cat":[30],"product_tag":[],"class_list":{"0":"post-1750","1":"product","2":"type-product","3":"status-publish","4":"has-post-thumbnail","6":"product_cat-entremets","8":"first","9":"instock","10":"taxable","11":"shipping-taxable","12":"purchasable","13":"product-type-variable","14":"entry","15":"content-bg","16":"loop-entry"},"aioseo_notices":[],"_links":{"self":[{"href":"https:\/\/patisseriealmakam.com\/index.php\/wp-json\/wp\/v2\/product\/1750","targetHints":{"allow":["GET"]}}],"collection":[{"href":"https:\/\/patisseriealmakam.com\/index.php\/wp-json\/wp\/v2\/product"}],"about":[{"href":"https:\/\/patisseriealmakam.com\/index.php\/wp-json\/wp\/v2\/types\/product"}],"wp:featuredmedia":[{"embeddable":true,"href":"https:\/\/patisseriealmakam.com\/index.php\/wp-json\/wp\/v2\/media\/1755"}],"wp:attachment":[{"href":"https:\/\/patisseriealmakam.com\/index.php\/wp-json\/wp\/v2\/media?parent=1750"}],"wp:term":[{"taxonomy":"product_brand","embeddable":true,"href":"https:\/\/patisseriealmakam.com\/index.php\/wp-json\/wp\/v2\/product_brand?post=1750"},{"taxonomy":"product_cat","embeddable":true,"href":"https:\/\/patisseriealmakam.com\/index.php\/wp-json\/wp\/v2\/product_cat?post=1750"},{"taxonomy":"product_tag","embeddable":true,"href":"https:\/\/patisseriealmakam.com\/index.php\/wp-json\/wp\/v2\/product_tag?post=1750"}],"curies":[{"name":"wp","href":"https:\/\/api.w.org\/{rel}","templated":true}]}}