{"id":1768,"date":"2023-11-24T12:45:01","date_gmt":"2023-11-24T11:45:01","guid":{"rendered":"https:\/\/patisseriealmakam.com\/?post_type=product&#038;p=1768"},"modified":"2025-01-12T14:05:14","modified_gmt":"2025-01-12T13:05:14","slug":"saint-michel-au-kg","status":"publish","type":"product","link":"https:\/\/patisseriealmakam.com\/index.php\/produit\/saint-michel-au-kg\/","title":{"rendered":"Saint Michel au kg"},"content":{"rendered":"","protected":false},"excerpt":{"rendered":"<ul>\n<li><em><strong>Ingr\u00e9dients<\/strong>:\u00a0<\/em><\/li>\n<li><em> \u00a0g\u00e9noise (amandes, farine, \u00e9mulsifiant pour p\u00e2tisserie,oeufs), amande hach\u00e9e.<\/em><\/li>\n<\/ul>\n","protected":false},"featured_media":1841,"template":"","meta":{"_uf_show_specific_survey":0,"_uf_disable_surveys":false,"_kad_post_transparent":"default","_kad_post_title":"","_kad_post_layout":"default","_kad_post_sidebar_id":"","_kad_post_content_style":"default","_kad_post_vertical_padding":"default","_kad_post_feature":"","_kad_post_feature_position":"","_kad_post_header":false,"_kad_post_footer":false,"_kad_post_classname":""},"product_brand":[],"product_cat":[30],"product_tag":[],"class_list":{"0":"post-1768","1":"product","2":"type-product","3":"status-publish","4":"has-post-thumbnail","6":"product_cat-entremets","8":"first","9":"instock","10":"taxable","11":"shipping-taxable","12":"purchasable","13":"product-type-variable","14":"entry","15":"content-bg","16":"loop-entry"},"aioseo_notices":[],"_links":{"self":[{"href":"https:\/\/patisseriealmakam.com\/index.php\/wp-json\/wp\/v2\/product\/1768","targetHints":{"allow":["GET"]}}],"collection":[{"href":"https:\/\/patisseriealmakam.com\/index.php\/wp-json\/wp\/v2\/product"}],"about":[{"href":"https:\/\/patisseriealmakam.com\/index.php\/wp-json\/wp\/v2\/types\/product"}],"wp:featuredmedia":[{"embeddable":true,"href":"https:\/\/patisseriealmakam.com\/index.php\/wp-json\/wp\/v2\/media\/1841"}],"wp:attachment":[{"href":"https:\/\/patisseriealmakam.com\/index.php\/wp-json\/wp\/v2\/media?parent=1768"}],"wp:term":[{"taxonomy":"product_brand","embeddable":true,"href":"https:\/\/patisseriealmakam.com\/index.php\/wp-json\/wp\/v2\/product_brand?post=1768"},{"taxonomy":"product_cat","embeddable":true,"href":"https:\/\/patisseriealmakam.com\/index.php\/wp-json\/wp\/v2\/product_cat?post=1768"},{"taxonomy":"product_tag","embeddable":true,"href":"https:\/\/patisseriealmakam.com\/index.php\/wp-json\/wp\/v2\/product_tag?post=1768"}],"curies":[{"name":"wp","href":"https:\/\/api.w.org\/{rel}","templated":true}]}}