{"id":1821,"date":"2023-12-03T20:39:17","date_gmt":"2023-12-03T19:39:17","guid":{"rendered":"https:\/\/patisseriealmakam.com\/?post_type=product&#038;p=1821"},"modified":"2024-02-26T13:10:07","modified_gmt":"2024-02-26T12:10:07","slug":"mousse-au-chocolat-2","status":"publish","type":"product","link":"https:\/\/patisseriealmakam.com\/index.php\/produit\/mousse-au-chocolat-2\/","title":{"rendered":"Mousse au chocolat"},"content":{"rendered":"<ul>\n<li><em><strong>Ingr\u00e9dients<\/strong>:\u00a0 \u00a0<\/em><\/li>\n<li><em>g\u00e9noise noire, brisures de biscuit dentelle,<\/em><\/li>\n<li><em> sirop, jaune d&rsquo;oeuf, pralin\u00e9, chocolat blanc, <\/em><\/li>\n<li><em>cr\u00e8me fra\u00eeche, poudre cacao, chocolat noire, sucre semoule.<\/em><\/li>\n<\/ul>\n","protected":false},"excerpt":{"rendered":"<p>Ingr\u00e9dients:\u00a0 \u00a0 g\u00e9noise noire, brisures de biscuit dentelle, sirop, jaune d&rsquo;oeuf, pralin\u00e9, chocolat blanc, cr\u00e8me fra\u00eeche, poudre cacao, chocolat noire, sucre semoule.<\/p>\n","protected":false},"featured_media":1822,"template":"","meta":{"_uf_show_specific_survey":0,"_uf_disable_surveys":false,"_kad_post_transparent":"default","_kad_post_title":"","_kad_post_layout":"default","_kad_post_sidebar_id":"","_kad_post_content_style":"default","_kad_post_vertical_padding":"default","_kad_post_feature":"","_kad_post_feature_position":"","_kad_post_header":false,"_kad_post_footer":false,"_kad_post_classname":""},"product_brand":[],"product_cat":[18],"product_tag":[],"class_list":{"0":"post-1821","1":"product","2":"type-product","3":"status-publish","4":"has-post-thumbnail","6":"product_cat-gateaux-ind","8":"first","9":"instock","10":"featured","11":"taxable","12":"shipping-taxable","13":"purchasable","14":"product-type-simple","15":"entry","16":"content-bg","17":"loop-entry"},"aioseo_notices":[],"_links":{"self":[{"href":"https:\/\/patisseriealmakam.com\/index.php\/wp-json\/wp\/v2\/product\/1821","targetHints":{"allow":["GET"]}}],"collection":[{"href":"https:\/\/patisseriealmakam.com\/index.php\/wp-json\/wp\/v2\/product"}],"about":[{"href":"https:\/\/patisseriealmakam.com\/index.php\/wp-json\/wp\/v2\/types\/product"}],"wp:featuredmedia":[{"embeddable":true,"href":"https:\/\/patisseriealmakam.com\/index.php\/wp-json\/wp\/v2\/media\/1822"}],"wp:attachment":[{"href":"https:\/\/patisseriealmakam.com\/index.php\/wp-json\/wp\/v2\/media?parent=1821"}],"wp:term":[{"taxonomy":"product_brand","embeddable":true,"href":"https:\/\/patisseriealmakam.com\/index.php\/wp-json\/wp\/v2\/product_brand?post=1821"},{"taxonomy":"product_cat","embeddable":true,"href":"https:\/\/patisseriealmakam.com\/index.php\/wp-json\/wp\/v2\/product_cat?post=1821"},{"taxonomy":"product_tag","embeddable":true,"href":"https:\/\/patisseriealmakam.com\/index.php\/wp-json\/wp\/v2\/product_tag?post=1821"}],"curies":[{"name":"wp","href":"https:\/\/api.w.org\/{rel}","templated":true}]}}