{"id":1831,"date":"2023-12-05T19:10:16","date_gmt":"2023-12-05T18:10:16","guid":{"rendered":"https:\/\/patisseriealmakam.com\/?post_type=product&#038;p=1831"},"modified":"2024-12-28T11:51:16","modified_gmt":"2024-12-28T10:51:16","slug":"gateau-fraisier","status":"publish","type":"product","link":"https:\/\/patisseriealmakam.com\/index.php\/produit\/gateau-fraisier\/","title":{"rendered":"G\u00e2teau framboise"},"content":{"rendered":"","protected":false},"excerpt":{"rendered":"<ul>\n<li><em><strong>Ingr\u00e9dients<\/strong>:\u00a0<\/em><\/li>\n<li><em> \u00a0g\u00e9noise blanche ,<span style=\"font-family: var(--global-body-font-family);\"> sirop, jaune d&rsquo;oeuf,<\/span><\/em><\/li>\n<li><em><span style=\"font-family: var(--global-body-font-family);\"> cr\u00e8me fra\u00eeche, glucose, g\u00e9latine, framboise.<\/span><\/em><\/li>\n<\/ul>\n","protected":false},"featured_media":2903,"template":"","meta":{"_uf_show_specific_survey":0,"_uf_disable_surveys":false,"_kad_post_transparent":"default","_kad_post_title":"","_kad_post_layout":"default","_kad_post_sidebar_id":"","_kad_post_content_style":"default","_kad_post_vertical_padding":"default","_kad_post_feature":"","_kad_post_feature_position":"","_kad_post_header":false,"_kad_post_footer":false,"_kad_post_classname":""},"product_brand":[],"product_cat":[18],"product_tag":[],"class_list":{"0":"post-1831","1":"product","2":"type-product","3":"status-publish","4":"has-post-thumbnail","6":"product_cat-gateaux-ind","8":"first","9":"instock","10":"taxable","11":"shipping-taxable","12":"purchasable","13":"product-type-simple","14":"entry","15":"content-bg","16":"loop-entry"},"aioseo_notices":[],"_links":{"self":[{"href":"https:\/\/patisseriealmakam.com\/index.php\/wp-json\/wp\/v2\/product\/1831","targetHints":{"allow":["GET"]}}],"collection":[{"href":"https:\/\/patisseriealmakam.com\/index.php\/wp-json\/wp\/v2\/product"}],"about":[{"href":"https:\/\/patisseriealmakam.com\/index.php\/wp-json\/wp\/v2\/types\/product"}],"wp:featuredmedia":[{"embeddable":true,"href":"https:\/\/patisseriealmakam.com\/index.php\/wp-json\/wp\/v2\/media\/2903"}],"wp:attachment":[{"href":"https:\/\/patisseriealmakam.com\/index.php\/wp-json\/wp\/v2\/media?parent=1831"}],"wp:term":[{"taxonomy":"product_brand","embeddable":true,"href":"https:\/\/patisseriealmakam.com\/index.php\/wp-json\/wp\/v2\/product_brand?post=1831"},{"taxonomy":"product_cat","embeddable":true,"href":"https:\/\/patisseriealmakam.com\/index.php\/wp-json\/wp\/v2\/product_cat?post=1831"},{"taxonomy":"product_tag","embeddable":true,"href":"https:\/\/patisseriealmakam.com\/index.php\/wp-json\/wp\/v2\/product_tag?post=1831"}],"curies":[{"name":"wp","href":"https:\/\/api.w.org\/{rel}","templated":true}]}}