{"id":1834,"date":"2023-12-05T19:33:27","date_gmt":"2023-12-05T18:33:27","guid":{"rendered":"https:\/\/patisseriealmakam.com\/?post_type=product&#038;p=1834"},"modified":"2025-01-16T12:07:25","modified_gmt":"2025-01-16T11:07:25","slug":"opera-au-kg","status":"publish","type":"product","link":"https:\/\/patisseriealmakam.com\/index.php\/produit\/opera-au-kg\/","title":{"rendered":"Op\u00e9ra au kg"},"content":{"rendered":"<ul>\n<li><em><strong>Ingr\u00e9dients<\/strong>:\u00a0 \u00a0<\/em><\/li>\n<li><em>g\u00e9noise blanche<\/em><\/li>\n<li><em> pralin\u00e9<\/em><\/li>\n<li><em>brisures de biscuit dentelle<\/em><\/li>\n<li><em>cr\u00e8me au beurre<\/em><\/li>\n<li><em> beurre<\/em><\/li>\n<li><em> blanc d&rsquo;oeufs<\/em><\/li>\n<li><em>sirop<\/em><\/li>\n<li><em> chocolat blanc<\/em><\/li>\n<li><em>ganache( cr\u00e8me fra\u00eeche, chocolat noire, chocolat au lait).<\/em><\/li>\n<\/ul>\n","protected":false},"excerpt":{"rendered":"<p>Ingr\u00e9dients:\u00a0 \u00a0 g\u00e9noise blanche pralin\u00e9 brisures de biscuit dentelle cr\u00e8me au beurre beurre blanc d&rsquo;oeufs sirop chocolat blanc ganache( cr\u00e8me fra\u00eeche, chocolat noire, chocolat au lait).<\/p>\n","protected":false},"featured_media":2963,"template":"","meta":{"_uf_show_specific_survey":0,"_uf_disable_surveys":false,"_kad_post_transparent":"default","_kad_post_title":"","_kad_post_layout":"default","_kad_post_sidebar_id":"","_kad_post_content_style":"default","_kad_post_vertical_padding":"default","_kad_post_feature":"","_kad_post_feature_position":"","_kad_post_header":false,"_kad_post_footer":false,"_kad_post_classname":""},"product_brand":[],"product_cat":[30],"product_tag":[],"class_list":{"0":"post-1834","1":"product","2":"type-product","3":"status-publish","4":"has-post-thumbnail","6":"product_cat-entremets","8":"first","9":"instock","10":"featured","11":"taxable","12":"shipping-taxable","13":"purchasable","14":"product-type-variable","15":"entry","16":"content-bg","17":"loop-entry"},"aioseo_notices":[],"_links":{"self":[{"href":"https:\/\/patisseriealmakam.com\/index.php\/wp-json\/wp\/v2\/product\/1834","targetHints":{"allow":["GET"]}}],"collection":[{"href":"https:\/\/patisseriealmakam.com\/index.php\/wp-json\/wp\/v2\/product"}],"about":[{"href":"https:\/\/patisseriealmakam.com\/index.php\/wp-json\/wp\/v2\/types\/product"}],"wp:featuredmedia":[{"embeddable":true,"href":"https:\/\/patisseriealmakam.com\/index.php\/wp-json\/wp\/v2\/media\/2963"}],"wp:attachment":[{"href":"https:\/\/patisseriealmakam.com\/index.php\/wp-json\/wp\/v2\/media?parent=1834"}],"wp:term":[{"taxonomy":"product_brand","embeddable":true,"href":"https:\/\/patisseriealmakam.com\/index.php\/wp-json\/wp\/v2\/product_brand?post=1834"},{"taxonomy":"product_cat","embeddable":true,"href":"https:\/\/patisseriealmakam.com\/index.php\/wp-json\/wp\/v2\/product_cat?post=1834"},{"taxonomy":"product_tag","embeddable":true,"href":"https:\/\/patisseriealmakam.com\/index.php\/wp-json\/wp\/v2\/product_tag?post=1834"}],"curies":[{"name":"wp","href":"https:\/\/api.w.org\/{rel}","templated":true}]}}