{"id":1873,"date":"2023-12-11T22:25:57","date_gmt":"2023-12-11T21:25:57","guid":{"rendered":"https:\/\/patisseriealmakam.com\/?post_type=product&#038;p=1873"},"modified":"2024-02-26T13:08:52","modified_gmt":"2024-02-26T12:08:52","slug":"gateau-mousse-citron-2","status":"publish","type":"product","link":"https:\/\/patisseriealmakam.com\/index.php\/produit\/gateau-mousse-citron-2\/","title":{"rendered":"G\u00e2teau mousse citron"},"content":{"rendered":"","protected":false},"excerpt":{"rendered":"<ul>\n<li><em><strong>Ingr\u00e9dients<\/strong>:<\/em><\/li>\n<li><em>g\u00e9noise , jaune d&rsquo;oeuf, g\u00e9latine, sirop, cr\u00e8me fra\u00eeche,<\/em><\/li>\n<li><em> la gel\u00e9e citron( beurre, sucre en semoule, jaune d&rsquo;oeuf).<\/em><\/li>\n<\/ul>\n","protected":false},"featured_media":1874,"template":"","meta":{"_uf_show_specific_survey":0,"_uf_disable_surveys":false,"_kad_post_transparent":"default","_kad_post_title":"","_kad_post_layout":"default","_kad_post_sidebar_id":"","_kad_post_content_style":"default","_kad_post_vertical_padding":"default","_kad_post_feature":"","_kad_post_feature_position":"","_kad_post_header":false,"_kad_post_footer":false,"_kad_post_classname":""},"product_brand":[],"product_cat":[18],"product_tag":[],"class_list":{"0":"post-1873","1":"product","2":"type-product","3":"status-publish","4":"has-post-thumbnail","6":"product_cat-gateaux-ind","8":"first","9":"instock","10":"featured","11":"taxable","12":"shipping-taxable","13":"purchasable","14":"product-type-simple","15":"entry","16":"content-bg","17":"loop-entry"},"aioseo_notices":[],"_links":{"self":[{"href":"https:\/\/patisseriealmakam.com\/index.php\/wp-json\/wp\/v2\/product\/1873","targetHints":{"allow":["GET"]}}],"collection":[{"href":"https:\/\/patisseriealmakam.com\/index.php\/wp-json\/wp\/v2\/product"}],"about":[{"href":"https:\/\/patisseriealmakam.com\/index.php\/wp-json\/wp\/v2\/types\/product"}],"wp:featuredmedia":[{"embeddable":true,"href":"https:\/\/patisseriealmakam.com\/index.php\/wp-json\/wp\/v2\/media\/1874"}],"wp:attachment":[{"href":"https:\/\/patisseriealmakam.com\/index.php\/wp-json\/wp\/v2\/media?parent=1873"}],"wp:term":[{"taxonomy":"product_brand","embeddable":true,"href":"https:\/\/patisseriealmakam.com\/index.php\/wp-json\/wp\/v2\/product_brand?post=1873"},{"taxonomy":"product_cat","embeddable":true,"href":"https:\/\/patisseriealmakam.com\/index.php\/wp-json\/wp\/v2\/product_cat?post=1873"},{"taxonomy":"product_tag","embeddable":true,"href":"https:\/\/patisseriealmakam.com\/index.php\/wp-json\/wp\/v2\/product_tag?post=1873"}],"curies":[{"name":"wp","href":"https:\/\/api.w.org\/{rel}","templated":true}]}}