{"id":1908,"date":"2023-12-12T23:45:48","date_gmt":"2023-12-12T22:45:48","guid":{"rendered":"https:\/\/patisseriealmakam.com\/?post_type=product&#038;p=1908"},"modified":"2025-01-12T14:08:22","modified_gmt":"2025-01-12T13:08:22","slug":"gateau-truffe-au-chocolat","status":"publish","type":"product","link":"https:\/\/patisseriealmakam.com\/index.php\/produit\/gateau-truffe-au-chocolat\/","title":{"rendered":"G\u00e2teau truff\u00e9 au chocolat"},"content":{"rendered":"","protected":false},"excerpt":{"rendered":"<p><em><strong>Ingr\u00e9dients:<\/strong><\/em><\/p>\n<ul>\n<li><em>g\u00e9noise noire<\/em><\/li>\n<li><em> pralin\u00e9<\/em><\/li>\n<li><em> amandes<\/em><\/li>\n<li><em> cr\u00e8me au beurre<\/em><\/li>\n<li><em> mousse blanche<\/em><\/li>\n<li><em> mousse chocolat<\/em><\/li>\n<li><em>chocolat blanc<\/em><\/li>\n<\/ul>\n","protected":false},"featured_media":1909,"template":"","meta":{"_uf_show_specific_survey":0,"_uf_disable_surveys":false,"_kad_post_transparent":"default","_kad_post_title":"","_kad_post_layout":"default","_kad_post_sidebar_id":"","_kad_post_content_style":"default","_kad_post_vertical_padding":"default","_kad_post_feature":"","_kad_post_feature_position":"","_kad_post_header":false,"_kad_post_footer":false,"_kad_post_classname":""},"product_brand":[],"product_cat":[18],"product_tag":[],"class_list":{"0":"post-1908","1":"product","2":"type-product","3":"status-publish","4":"has-post-thumbnail","6":"product_cat-gateaux-ind","8":"first","9":"instock","10":"taxable","11":"shipping-taxable","12":"purchasable","13":"product-type-simple","14":"entry","15":"content-bg","16":"loop-entry"},"aioseo_notices":[],"_links":{"self":[{"href":"https:\/\/patisseriealmakam.com\/index.php\/wp-json\/wp\/v2\/product\/1908","targetHints":{"allow":["GET"]}}],"collection":[{"href":"https:\/\/patisseriealmakam.com\/index.php\/wp-json\/wp\/v2\/product"}],"about":[{"href":"https:\/\/patisseriealmakam.com\/index.php\/wp-json\/wp\/v2\/types\/product"}],"wp:featuredmedia":[{"embeddable":true,"href":"https:\/\/patisseriealmakam.com\/index.php\/wp-json\/wp\/v2\/media\/1909"}],"wp:attachment":[{"href":"https:\/\/patisseriealmakam.com\/index.php\/wp-json\/wp\/v2\/media?parent=1908"}],"wp:term":[{"taxonomy":"product_brand","embeddable":true,"href":"https:\/\/patisseriealmakam.com\/index.php\/wp-json\/wp\/v2\/product_brand?post=1908"},{"taxonomy":"product_cat","embeddable":true,"href":"https:\/\/patisseriealmakam.com\/index.php\/wp-json\/wp\/v2\/product_cat?post=1908"},{"taxonomy":"product_tag","embeddable":true,"href":"https:\/\/patisseriealmakam.com\/index.php\/wp-json\/wp\/v2\/product_tag?post=1908"}],"curies":[{"name":"wp","href":"https:\/\/api.w.org\/{rel}","templated":true}]}}