{"id":1990,"date":"2024-01-11T21:37:05","date_gmt":"2024-01-11T20:37:05","guid":{"rendered":"https:\/\/patisseriealmakam.com\/?post_type=product&#038;p=1990"},"modified":"2024-06-09T14:18:25","modified_gmt":"2024-06-09T13:18:25","slug":"galette-des-rois","status":"publish","type":"product","link":"https:\/\/patisseriealmakam.com\/index.php\/produit\/galette-des-rois\/","title":{"rendered":"Galette des rois"},"content":{"rendered":"","protected":false},"excerpt":{"rendered":"<ul>\n<li>La <strong>galette des rois<\/strong> est compos\u00e9e de deux disques<\/li>\n<li>de p\u00e2tes feuillet\u00e9e entre les quelles est \u00e9tal\u00e9e une<\/li>\n<li>frangipane, un m\u00e9lange \u00e0 basa de sucre, oeufs et<\/li>\n<li>rhum. Une <strong>f\u00e8ve <\/strong>est dissimul\u00e9e \u00e0 l&rsquo;interieur de la galette.<img fetchpriority=\"high\" decoding=\"async\" class=\"alignnone size-medium wp-image-2011\" src=\"https:\/\/patisseriealmakam.com\/wp-content\/uploads\/2024\/01\/Design-sans-titre-2024-01-12T110341.437-300x300.png\" alt=\"\" width=\"300\" height=\"300\" srcset=\"https:\/\/patisseriealmakam.com\/wp-content\/uploads\/2024\/01\/Design-sans-titre-2024-01-12T110341.437-300x300.png 300w, https:\/\/patisseriealmakam.com\/wp-content\/uploads\/2024\/01\/Design-sans-titre-2024-01-12T110341.437-320x320.png 320w, https:\/\/patisseriealmakam.com\/wp-content\/uploads\/2024\/01\/Design-sans-titre-2024-01-12T110341.437-100x100.png 100w, https:\/\/patisseriealmakam.com\/wp-content\/uploads\/2024\/01\/Design-sans-titre-2024-01-12T110341.437-600x600.png 600w, https:\/\/patisseriealmakam.com\/wp-content\/uploads\/2024\/01\/Design-sans-titre-2024-01-12T110341.437-1024x1024.png 1024w, https:\/\/patisseriealmakam.com\/wp-content\/uploads\/2024\/01\/Design-sans-titre-2024-01-12T110341.437-150x150.png 150w, https:\/\/patisseriealmakam.com\/wp-content\/uploads\/2024\/01\/Design-sans-titre-2024-01-12T110341.437-768x768.png 768w, https:\/\/patisseriealmakam.com\/wp-content\/uploads\/2024\/01\/Design-sans-titre-2024-01-12T110341.437-50x50.png 50w, https:\/\/patisseriealmakam.com\/wp-content\/uploads\/2024\/01\/Design-sans-titre-2024-01-12T110341.437.png 1080w\" sizes=\"(max-width: 300px) 100vw, 300px\" \/><\/li>\n<\/ul>\n","protected":false},"featured_media":1995,"template":"","meta":{"_uf_show_specific_survey":0,"_uf_disable_surveys":false,"_kad_post_transparent":"default","_kad_post_title":"","_kad_post_layout":"default","_kad_post_sidebar_id":"","_kad_post_content_style":"default","_kad_post_vertical_padding":"default","_kad_post_feature":"","_kad_post_feature_position":"","_kad_post_header":false,"_kad_post_footer":false,"_kad_post_classname":""},"product_brand":[],"product_cat":[15],"product_tag":[],"class_list":{"0":"post-1990","1":"product","2":"type-product","3":"status-publish","4":"has-post-thumbnail","6":"product_cat-cakes","8":"first","9":"instock","10":"taxable","11":"shipping-taxable","12":"purchasable","13":"product-type-simple","14":"entry","15":"content-bg","16":"loop-entry"},"aioseo_notices":[],"_links":{"self":[{"href":"https:\/\/patisseriealmakam.com\/index.php\/wp-json\/wp\/v2\/product\/1990","targetHints":{"allow":["GET"]}}],"collection":[{"href":"https:\/\/patisseriealmakam.com\/index.php\/wp-json\/wp\/v2\/product"}],"about":[{"href":"https:\/\/patisseriealmakam.com\/index.php\/wp-json\/wp\/v2\/types\/product"}],"wp:featuredmedia":[{"embeddable":true,"href":"https:\/\/patisseriealmakam.com\/index.php\/wp-json\/wp\/v2\/media\/1995"}],"wp:attachment":[{"href":"https:\/\/patisseriealmakam.com\/index.php\/wp-json\/wp\/v2\/media?parent=1990"}],"wp:term":[{"taxonomy":"product_brand","embeddable":true,"href":"https:\/\/patisseriealmakam.com\/index.php\/wp-json\/wp\/v2\/product_brand?post=1990"},{"taxonomy":"product_cat","embeddable":true,"href":"https:\/\/patisseriealmakam.com\/index.php\/wp-json\/wp\/v2\/product_cat?post=1990"},{"taxonomy":"product_tag","embeddable":true,"href":"https:\/\/patisseriealmakam.com\/index.php\/wp-json\/wp\/v2\/product_tag?post=1990"}],"curies":[{"name":"wp","href":"https:\/\/api.w.org\/{rel}","templated":true}]}}