{"id":2186,"date":"2024-02-21T13:37:27","date_gmt":"2024-02-21T12:37:27","guid":{"rendered":"https:\/\/patisseriealmakam.com\/?post_type=product&#038;p=2186"},"modified":"2024-02-21T13:51:05","modified_gmt":"2024-02-21T12:51:05","slug":"meringue","status":"publish","type":"product","link":"https:\/\/patisseriealmakam.com\/index.php\/produit\/meringue\/","title":{"rendered":"Meringue"},"content":{"rendered":"<p>La meringue est une p\u00e2tisserie savoureuse compos\u00e9e de blancs d&rsquo;oeufs et de sucre; elle poss\u00e8de une coquille dure \u00e0 l&rsquo;ext\u00e9rieur et moelleuse \u00e0 l&rsquo;int\u00e9rieure.<\/p>\n","protected":false},"excerpt":{"rendered":"<p>La meringue est une p\u00e2tisserie savoureuse compos\u00e9e de blancs d&rsquo;oeufs et de sucre; elle poss\u00e8de une coquille dure \u00e0 l&rsquo;ext\u00e9rieur et moelleuse \u00e0 l&rsquo;int\u00e9rieure.<\/p>\n","protected":false},"featured_media":2190,"template":"","meta":{"_uf_show_specific_survey":0,"_uf_disable_surveys":false,"_kad_post_transparent":"default","_kad_post_title":"","_kad_post_layout":"default","_kad_post_sidebar_id":"","_kad_post_content_style":"default","_kad_post_vertical_padding":"default","_kad_post_feature":"","_kad_post_feature_position":"","_kad_post_header":false,"_kad_post_footer":false,"_kad_post_classname":""},"product_brand":[],"product_cat":[39],"product_tag":[],"class_list":{"0":"post-2186","1":"product","2":"type-product","3":"status-publish","4":"has-post-thumbnail","6":"product_cat-sables","8":"first","9":"instock","10":"featured","11":"taxable","12":"shipping-taxable","13":"purchasable","14":"product-type-variable","15":"entry","16":"content-bg","17":"loop-entry"},"aioseo_notices":[],"_links":{"self":[{"href":"https:\/\/patisseriealmakam.com\/index.php\/wp-json\/wp\/v2\/product\/2186","targetHints":{"allow":["GET"]}}],"collection":[{"href":"https:\/\/patisseriealmakam.com\/index.php\/wp-json\/wp\/v2\/product"}],"about":[{"href":"https:\/\/patisseriealmakam.com\/index.php\/wp-json\/wp\/v2\/types\/product"}],"wp:featuredmedia":[{"embeddable":true,"href":"https:\/\/patisseriealmakam.com\/index.php\/wp-json\/wp\/v2\/media\/2190"}],"wp:attachment":[{"href":"https:\/\/patisseriealmakam.com\/index.php\/wp-json\/wp\/v2\/media?parent=2186"}],"wp:term":[{"taxonomy":"product_brand","embeddable":true,"href":"https:\/\/patisseriealmakam.com\/index.php\/wp-json\/wp\/v2\/product_brand?post=2186"},{"taxonomy":"product_cat","embeddable":true,"href":"https:\/\/patisseriealmakam.com\/index.php\/wp-json\/wp\/v2\/product_cat?post=2186"},{"taxonomy":"product_tag","embeddable":true,"href":"https:\/\/patisseriealmakam.com\/index.php\/wp-json\/wp\/v2\/product_tag?post=2186"}],"curies":[{"name":"wp","href":"https:\/\/api.w.org\/{rel}","templated":true}]}}