{"id":2889,"date":"2024-12-26T18:44:18","date_gmt":"2024-12-26T17:44:18","guid":{"rendered":"https:\/\/patisseriealmakam.com\/?post_type=product&#038;p=2889"},"modified":"2024-12-27T21:10:23","modified_gmt":"2024-12-27T20:10:23","slug":"quiche-aux-epinards","status":"publish","type":"product","link":"https:\/\/patisseriealmakam.com\/index.php\/produit\/quiche-aux-epinards\/","title":{"rendered":"Quiche aux \u00e9pinards"},"content":{"rendered":"<ul>\n<li><em><strong>Ingredients<\/strong>:<\/em><\/li>\n<li><em> farine<\/em><\/li>\n<li><em>sucre en semoule<\/em><\/li>\n<li><em> cr\u00e8me fra\u00eeche<\/em><\/li>\n<li><em> fromage rouge<\/em><\/li>\n<li><em>\u00e9pinards<\/em><\/li>\n<\/ul>\n","protected":false},"excerpt":{"rendered":"<p>Ingredients: farine sucre en semoule cr\u00e8me fra\u00eeche fromage rouge \u00e9pinards<\/p>\n","protected":false},"featured_media":2888,"template":"","meta":{"_uf_show_specific_survey":0,"_uf_disable_surveys":false,"_kad_post_transparent":"default","_kad_post_title":"","_kad_post_layout":"default","_kad_post_sidebar_id":"","_kad_post_content_style":"default","_kad_post_vertical_padding":"default","_kad_post_feature":"","_kad_post_feature_position":"","_kad_post_header":false,"_kad_post_footer":false,"_kad_post_classname":""},"product_brand":[],"product_cat":[32],"product_tag":[],"class_list":{"0":"post-2889","1":"product","2":"type-product","3":"status-publish","4":"has-post-thumbnail","6":"product_cat-sales-modernes","8":"first","9":"instock","10":"taxable","11":"shipping-taxable","12":"purchasable","13":"product-type-simple","14":"entry","15":"content-bg","16":"loop-entry"},"aioseo_notices":[],"_links":{"self":[{"href":"https:\/\/patisseriealmakam.com\/index.php\/wp-json\/wp\/v2\/product\/2889","targetHints":{"allow":["GET"]}}],"collection":[{"href":"https:\/\/patisseriealmakam.com\/index.php\/wp-json\/wp\/v2\/product"}],"about":[{"href":"https:\/\/patisseriealmakam.com\/index.php\/wp-json\/wp\/v2\/types\/product"}],"wp:featuredmedia":[{"embeddable":true,"href":"https:\/\/patisseriealmakam.com\/index.php\/wp-json\/wp\/v2\/media\/2888"}],"wp:attachment":[{"href":"https:\/\/patisseriealmakam.com\/index.php\/wp-json\/wp\/v2\/media?parent=2889"}],"wp:term":[{"taxonomy":"product_brand","embeddable":true,"href":"https:\/\/patisseriealmakam.com\/index.php\/wp-json\/wp\/v2\/product_brand?post=2889"},{"taxonomy":"product_cat","embeddable":true,"href":"https:\/\/patisseriealmakam.com\/index.php\/wp-json\/wp\/v2\/product_cat?post=2889"},{"taxonomy":"product_tag","embeddable":true,"href":"https:\/\/patisseriealmakam.com\/index.php\/wp-json\/wp\/v2\/product_tag?post=2889"}],"curies":[{"name":"wp","href":"https:\/\/api.w.org\/{rel}","templated":true}]}}