{"id":403,"date":"2023-07-01T23:37:49","date_gmt":"2023-07-01T22:37:49","guid":{"rendered":"https:\/\/patisseriealmakam.com\/?post_type=product&#038;p=403"},"modified":"2025-01-12T13:32:22","modified_gmt":"2025-01-12T12:32:22","slug":"foret-noire","status":"publish","type":"product","link":"https:\/\/patisseriealmakam.com\/index.php\/produit\/foret-noire\/","title":{"rendered":"For\u00eat noire tranche"},"content":{"rendered":"<ul>\n<li><em><strong>Ingr\u00e9dients<\/strong>:\u00a0 <\/em><\/li>\n<li><em>g\u00e9noise noire<\/em><\/li>\n<li><em>mousse au chocolat<\/em><\/li>\n<li><em> cr\u00e8me fra\u00eeche<\/em><\/li>\n<li><em> chocolat noire.<\/em><\/li>\n<\/ul>\n","protected":false},"excerpt":{"rendered":"<p><em><strong>Ingr\u00e9dients<\/strong>:\u00a0 g\u00e9noise noire, mousse au chocolat, cr\u00e8me fra\u00eeche, chocolat noire.<\/em><\/p>\n","protected":false},"featured_media":2848,"template":"","meta":{"_uf_show_specific_survey":0,"_uf_disable_surveys":false,"_kad_post_transparent":"default","_kad_post_title":"","_kad_post_layout":"default","_kad_post_sidebar_id":"","_kad_post_content_style":"default","_kad_post_vertical_padding":"default","_kad_post_feature":"","_kad_post_feature_position":"","_kad_post_header":false,"_kad_post_footer":false,"_kad_post_classname":""},"product_brand":[],"product_cat":[18],"product_tag":[],"class_list":{"0":"post-403","1":"product","2":"type-product","3":"status-publish","4":"has-post-thumbnail","6":"product_cat-gateaux-ind","8":"first","9":"instock","10":"featured","11":"taxable","12":"shipping-taxable","13":"purchasable","14":"product-type-simple","15":"entry","16":"content-bg","17":"loop-entry"},"aioseo_notices":[],"_links":{"self":[{"href":"https:\/\/patisseriealmakam.com\/index.php\/wp-json\/wp\/v2\/product\/403","targetHints":{"allow":["GET"]}}],"collection":[{"href":"https:\/\/patisseriealmakam.com\/index.php\/wp-json\/wp\/v2\/product"}],"about":[{"href":"https:\/\/patisseriealmakam.com\/index.php\/wp-json\/wp\/v2\/types\/product"}],"wp:featuredmedia":[{"embeddable":true,"href":"https:\/\/patisseriealmakam.com\/index.php\/wp-json\/wp\/v2\/media\/2848"}],"wp:attachment":[{"href":"https:\/\/patisseriealmakam.com\/index.php\/wp-json\/wp\/v2\/media?parent=403"}],"wp:term":[{"taxonomy":"product_brand","embeddable":true,"href":"https:\/\/patisseriealmakam.com\/index.php\/wp-json\/wp\/v2\/product_brand?post=403"},{"taxonomy":"product_cat","embeddable":true,"href":"https:\/\/patisseriealmakam.com\/index.php\/wp-json\/wp\/v2\/product_cat?post=403"},{"taxonomy":"product_tag","embeddable":true,"href":"https:\/\/patisseriealmakam.com\/index.php\/wp-json\/wp\/v2\/product_tag?post=403"}],"curies":[{"name":"wp","href":"https:\/\/api.w.org\/{rel}","templated":true}]}}