{"id":66,"date":"2023-04-29T21:57:12","date_gmt":"2023-04-29T21:57:12","guid":{"rendered":"https:\/\/patisseriealmakam.com\/?post_type=product&#038;p=66"},"modified":"2023-12-20T21:38:40","modified_gmt":"2023-12-20T20:38:40","slug":"cornes-de-gazelle-copie","status":"publish","type":"product","link":"https:\/\/patisseriealmakam.com\/index.php\/produit\/cornes-de-gazelle-copie\/","title":{"rendered":"Meloui pralin\u00e9 \u00e0 la cr\u00e8me chantiller"},"content":{"rendered":"<ul>\n<li><em><strong>Ingredients<\/strong>:<\/em><\/li>\n<li><em> Amandes grill\u00e9es, sucre glace, farine, beurre, oeufs, sucre vanille.<\/em><\/li>\n<\/ul>\n","protected":false},"excerpt":{"rendered":"<p>Ingredients: Amandes grill\u00e9es, sucre glace, farine, beurre, oeufs, sucre vanille.<\/p>\n","protected":false},"featured_media":1601,"template":"","meta":{"_uf_show_specific_survey":0,"_uf_disable_surveys":false,"_kad_post_transparent":"default","_kad_post_title":"","_kad_post_layout":"default","_kad_post_sidebar_id":"","_kad_post_content_style":"default","_kad_post_vertical_padding":"default","_kad_post_feature":"","_kad_post_feature_position":"","_kad_post_header":false,"_kad_post_footer":false,"_kad_post_classname":""},"product_brand":[],"product_cat":[17],"product_tag":[],"class_list":{"0":"post-66","1":"product","2":"type-product","3":"status-publish","4":"has-post-thumbnail","6":"product_cat-gateaux-marocains","8":"first","9":"instock","10":"featured","11":"taxable","12":"shipping-taxable","13":"purchasable","14":"product-type-variable","15":"entry","16":"content-bg","17":"loop-entry"},"aioseo_notices":[],"_links":{"self":[{"href":"https:\/\/patisseriealmakam.com\/index.php\/wp-json\/wp\/v2\/product\/66","targetHints":{"allow":["GET"]}}],"collection":[{"href":"https:\/\/patisseriealmakam.com\/index.php\/wp-json\/wp\/v2\/product"}],"about":[{"href":"https:\/\/patisseriealmakam.com\/index.php\/wp-json\/wp\/v2\/types\/product"}],"wp:featuredmedia":[{"embeddable":true,"href":"https:\/\/patisseriealmakam.com\/index.php\/wp-json\/wp\/v2\/media\/1601"}],"wp:attachment":[{"href":"https:\/\/patisseriealmakam.com\/index.php\/wp-json\/wp\/v2\/media?parent=66"}],"wp:term":[{"taxonomy":"product_brand","embeddable":true,"href":"https:\/\/patisseriealmakam.com\/index.php\/wp-json\/wp\/v2\/product_brand?post=66"},{"taxonomy":"product_cat","embeddable":true,"href":"https:\/\/patisseriealmakam.com\/index.php\/wp-json\/wp\/v2\/product_cat?post=66"},{"taxonomy":"product_tag","embeddable":true,"href":"https:\/\/patisseriealmakam.com\/index.php\/wp-json\/wp\/v2\/product_tag?post=66"}],"curies":[{"name":"wp","href":"https:\/\/api.w.org\/{rel}","templated":true}]}}